{"id":352,"date":"2013-05-15T13:55:34","date_gmt":"2013-05-15T13:55:34","guid":{"rendered":"http:\/\/localhost\/whb\/?page_id=352"},"modified":"2019-06-17T08:18:18","modified_gmt":"2019-06-17T08:18:18","slug":"lokacija","status":"publish","type":"page","link":"https:\/\/automobili-princip.hr\/?page_id=352","title":{"rendered":"Lokacija"},"content":{"rendered":"\r\n<div class=\"left_side contact-address\">\r\n<div class=\"name\"><strong>Automobili Princip.<\/strong><\/div>\r\n<div class=\"address\">\u0160korpikova 14b.\u00a0Zagreb<\/div>\r\n<div class=\"row phone\"><em>Telefon:<\/em> 01 3460 222<\/div>\r\n<div class=\"row mail\"><em>Telefon:<\/em> 01 7988 074<\/div>\r\n<div class=\"row fax\"><em>Fax:<\/em> 01 3460 111<\/div>\r\n<div class=\"row mail\"><\/div>\r\n<\/div>\r\n<div class=\"right_side\">\r\n<h3>Kako do\u0107i do nas<\/h3>\r\nNa prikazanoj mapi kliknite svoju lokaciju i prikazat \u0107emo Vam najbr\u017ei put do nas, bilo da dolazite vlastitim ili bilo kojim sredstvom javnog prijevoza.:\r\n<span style=\"color: #99cc00;\"><a style=\"color: #99cc00;\" href=\"https:\/\/www.google.hr\/maps\/dir\/\/Automobili+Princip,+Ulica+Franje+Lu%C4%8Di%C4%87a,+Zagreb\/@45.8103676,15.7888784,12z\/data=!3m1!4b1!4m8!4m7!1m0!1m5!1m1!1s0x4765d1964f690f41:0x59d31f0b34ee0b89!2m2!1d15.8589184!2d45.8102693\" target=\"_blank\">Uputa<\/a><\/span>\r\n\r\n&nbsp;\r\n&nbsp;\r\n<div class=\"right_side\">\r\n<h3>KONTAKT OSOBE<\/h3>\r\n<strong>Bruno Sve\u010dak<\/strong>: 091 3460 113 <\/br>\r\n bruno.svecak@automobili-princip.hr <br>\r\n<strong>Goran Jerkovi\u0107<\/strong>: 091 3460 111 <\/br>\r\n goran.jerkovic@automobili-princip.hr <br>\r\n<strong>Darko Princip<\/strong>: 091 5149 210<br>\r\n darko.princip@automobili-princip.hr\r\n\r\n<\/div>\r\n<\/div>\n","protected":false},"excerpt":{"rendered":"<p>Automobili Princip. \u0160korpikova 14b.\u00a0Zagreb Telefon: 01 3460 222 Telefon: 01 7988 074 Fax: 01 3460 111 Kako do\u0107i do nas Na prikazanoj mapi kliknite svoju lokaciju i prikazat \u0107emo Vam najbr\u017ei put do nas, bilo da dolazite vlastitim ili bilo kojim sredstvom javnog prijevoza.: Uputa &nbsp; &nbsp; KONTAKT OSOBE Bruno Sve\u010dak: 091 3460 113 bruno.svecak@automobili-princip.hr Goran Jerkovi\u0107: 091 3460 111 goran.jerkovic@automobili-princip.hr Darko Princip: 091 5149 210 darko.princip@automobili-princip.hr<\/p>\n","protected":false},"author":1,"featured_media":0,"parent":0,"menu_order":0,"comment_status":"open","ping_status":"closed","template":"template-box.php","meta":{"footnotes":""},"class_list":["post-352","page","type-page","status-publish","hentry"],"brizy_attachment_focal_point":"","_links":{"self":[{"href":"https:\/\/automobili-princip.hr\/index.php?rest_route=\/wp\/v2\/pages\/352","targetHints":{"allow":["GET"]}}],"collection":[{"href":"https:\/\/automobili-princip.hr\/index.php?rest_route=\/wp\/v2\/pages"}],"about":[{"href":"https:\/\/automobili-princip.hr\/index.php?rest_route=\/wp\/v2\/types\/page"}],"author":[{"embeddable":true,"href":"https:\/\/automobili-princip.hr\/index.php?rest_route=\/wp\/v2\/users\/1"}],"replies":[{"embeddable":true,"href":"https:\/\/automobili-princip.hr\/index.php?rest_route=%2Fwp%2Fv2%2Fcomments&post=352"}],"version-history":[{"count":14,"href":"https:\/\/automobili-princip.hr\/index.php?rest_route=\/wp\/v2\/pages\/352\/revisions"}],"predecessor-version":[{"id":10810,"href":"https:\/\/automobili-princip.hr\/index.php?rest_route=\/wp\/v2\/pages\/352\/revisions\/10810"}],"wp:attachment":[{"href":"https:\/\/automobili-princip.hr\/index.php?rest_route=%2Fwp%2Fv2%2Fmedia&parent=352"}],"curies":[{"name":"wp","href":"https:\/\/api.w.org\/{rel}","templated":true}]}}