{"id":1571,"date":"2016-07-12T21:11:31","date_gmt":"2016-07-12T21:11:31","guid":{"rendered":"http:\/\/automobili-princip.hr\/\/?page_id=1571"},"modified":"2016-09-02T13:40:24","modified_gmt":"2016-09-02T13:40:24","slug":"zasto-kupiti-rabljeni-automobil","status":"publish","type":"page","link":"https:\/\/automobili-princip.hr\/?page_id=1571","title":{"rendered":"Za\u0161to kupiti rabljeni automobil"},"content":{"rendered":"<p>Izmje\u0161tanje industrije vozila u zemlje jeftinije radne snage i pre\u010desta proizvodnja \u201enovih\u201c modela neznatno druga\u010dajih od prethodnih, name\u0107u neobi\u010dan trend velikog pada vrijednosti vozila upravo u njegovim prvim godinama kori\u0161tenja. Svoju financijsku izlo\u017eenost kupci spoznaju kad im trogodi\u0161nji automobil postane \u201estariji\u201c model. Takvim se kupcima pre\u0161u\u0107uje da prodaja rabljenih vozila u Hrvatskoj i okru\u017eenju bilje\u017ei peterostruki rast u posljednjih sedam godina, a vrijednost im najmanje opada izme\u0111u \u010detvrte i osme godine starosti.<\/p>\n<p>Zato umjesto razumnog sagledavanja dugoro\u010dnog tro\u0161ka i odmjerenog odabira pouzdanog rabljenog vozila, automobilska industrija nastoji marketin\u0161ki impresionirati kupce jednostavno\u0161\u0107u isporuke ili \u201edodatnom opremom\u201c koja se na naprednijim tr\u017ei\u0161tima podrazumijeva kao standardna oprema novih vozila. Uvr\u0161tavanje rabljenih vozila u ponude nekad ekskluzivnih prodava\u010da novih vozila u Hrvatskoj, najbolji su dokaz porasta prodaje i isplativosti rabljenih vozila, osobito nakon ukidanja diskriminatornog propisa o duplo ve\u0107im tro\u0161arinama na rabljena vozila kao svojedobnog protekcijskog modela u korist uvoznika novih vozila i skupih kreditora.<\/p>\n","protected":false},"excerpt":{"rendered":"<p>Izmje\u0161tanje industrije vozila u zemlje jeftinije radne snage i pre\u010desta proizvodnja \u201enovih\u201c modela neznatno druga\u010dajih od prethodnih, name\u0107u neobi\u010dan trend velikog pada vrijednosti vozila upravo u njegovim prvim godinama kori\u0161tenja. Svoju financijsku izlo\u017eenost kupci spoznaju kad im trogodi\u0161nji automobil postane \u201estariji\u201c model. Takvim se kupcima pre\u0161u\u0107uje da prodaja rabljenih vozila u Hrvatskoj i okru\u017eenju bilje\u017ei peterostruki rast u posljednjih sedam godina, a vrijednost im najmanje opada izme\u0111u \u010detvrte i osme godine starosti. Zato umjesto razumnog sagledavanja dugoro\u010dnog tro\u0161ka i odmjerenog odabira pouzdanog rabljenog vozila, automobilska industrija nastoji marketin\u0161ki impresionirati kupce jednostavno\u0161\u0107u isporuke ili \u201edodatnom opremom\u201c koja se na naprednijim tr\u017ei\u0161tima podrazumijeva kao standardna oprema novih vozila. Uvr\u0161tavanje rabljenih vozila u ponude nekad ekskluzivnih prodava\u010da novih vozila u Hrvatskoj, najbolji su dokaz porasta prodaje i isplativosti rabljenih vozila, osobito nakon ukidanja diskriminatornog propisa o duplo ve\u0107im tro\u0161arinama na rabljena vozila kao svojedobnog protekcijskog modela u&#8230;<\/p>\n","protected":false},"author":1,"featured_media":0,"parent":0,"menu_order":0,"comment_status":"closed","ping_status":"closed","template":"","meta":{"footnotes":""},"class_list":["post-1571","page","type-page","status-publish","hentry"],"brizy_attachment_focal_point":"","_links":{"self":[{"href":"https:\/\/automobili-princip.hr\/index.php?rest_route=\/wp\/v2\/pages\/1571","targetHints":{"allow":["GET"]}}],"collection":[{"href":"https:\/\/automobili-princip.hr\/index.php?rest_route=\/wp\/v2\/pages"}],"about":[{"href":"https:\/\/automobili-princip.hr\/index.php?rest_route=\/wp\/v2\/types\/page"}],"author":[{"embeddable":true,"href":"https:\/\/automobili-princip.hr\/index.php?rest_route=\/wp\/v2\/users\/1"}],"replies":[{"embeddable":true,"href":"https:\/\/automobili-princip.hr\/index.php?rest_route=%2Fwp%2Fv2%2Fcomments&post=1571"}],"version-history":[{"count":5,"href":"https:\/\/automobili-princip.hr\/index.php?rest_route=\/wp\/v2\/pages\/1571\/revisions"}],"predecessor-version":[{"id":1788,"href":"https:\/\/automobili-princip.hr\/index.php?rest_route=\/wp\/v2\/pages\/1571\/revisions\/1788"}],"wp:attachment":[{"href":"https:\/\/automobili-princip.hr\/index.php?rest_route=%2Fwp%2Fv2%2Fmedia&parent=1571"}],"curies":[{"name":"wp","href":"https:\/\/api.w.org\/{rel}","templated":true}]}}