{"id":1567,"date":"2016-07-12T21:09:38","date_gmt":"2016-07-12T21:09:38","guid":{"rendered":"http:\/\/automobili-princip.hr\/\/?page_id=1567"},"modified":"2016-09-02T13:44:02","modified_gmt":"2016-09-02T13:44:02","slug":"financiranje","status":"publish","type":"page","link":"http:\/\/automobili-princip.hr\/?page_id=1567","title":{"rendered":"<strong>FINANCIRANJE <\/strong>"},"content":{"rendered":"<p style=\"text-align: justify;\">Omogu\u0107ili smo mno\u0161tvo modela obro\u010dne otplate vozila putem platnih kartica, bankovnim kreditima i leasingom.<\/p>\n<p style=\"text-align: justify;\">Osim gotovinskog pla\u0107anja, mogu\u0107a su jo\u0161 tri na\u010dina financiranja kupnje vozila:<\/p>\n<p style=\"text-align: justify;\"><strong>KREDIT<\/strong><br \/>\nKupci naj\u010de\u0161\u0107e koriste nenamjenski kredit i tzv. auto kredit, te kupnjom stje\u010du vlasni\u0161tvo na vozilu. U\u010de\u0161\u0107e se pla\u0107a u iznimnim slu\u010dajevima kao jamstvo sklapanja ugovora o kupoprodaji vozila. Prate\u0107e tro\u0161kove mogu\u0107e je podmiriti iz kredita.<\/p>\n<p style=\"text-align: justify;\"><strong>LEASING<\/strong><br \/>\nOvaj na\u010din kupnje popularan je zbog znatne fleksibilnosti u odabiru visine i broja rata te relativno kratkotrajnog postupka odobravanja, Uklju\u010dena mogu\u0107nost uplate u\u010de\u0161\u0107a ili odabira financiranja s ostatkom vrijednosti. Razdoblje financiranja je do pet godina.<\/p>\n<p style=\"text-align: justify;\"><strong>KARTI\u010cNO PLA\u0106ANJE<\/strong><br \/>\nMasterCard, Diners, Visa, American i druge kartice. Mogu\u0107e je jednokratno pla\u0107anje i kupnja na rate, odnosno potro\u0161a\u010dki kredit. Pru\u017eamo punu podr\u0161ku obrade dokumentacije i dostavljanja banci \u010diji ste korisnik kredita.<\/p>\n<p style=\"text-align: justify;\">Obzirom na \u010destu promjenu uvjeta kreditiranja u pojedinim bankama, o odabiru i usporedbi kredita informirajte se odmah unosom banke, iznosa, valute i trajanja kredita u sustavu <a href=\"http:\/\/www.moj-bankar.hr\/\" target=\"_blank\">moj-bankar.hr <\/a>gdje vam je dostupan kreditni kalkulator i u par trenutaka ste informirani o kreditu koji najvi\u0161e odgovara va\u0161im potrebama. Za sve dodatne informacije stojimo vam na usluzi.<\/p>\n<p style=\"text-align: justify;\">Ovime je, dragi kupci, do\u0161ao kraj va\u0161em traganju za mjestom na kojem vas \u010deka zahvalan izbor za ono \u0161to ste Vi odlu\u010dili ulo\u017eiti u \u017eeljeni automobil. Otvoreno nam pristupite s svojim \u017eeljama, o\u010dekivanjima i pitanjima. \u010cekamo vas u Zagrebu, \u0160korpikova 12\/A.<\/p>\n<p style=\"text-align: justify;\">S po\u0161tovanjem,<\/p>\n<p style=\"text-align: justify;\">direktor<\/p>\n<p style=\"text-align: justify;\">Darko Princip<\/p>\n","protected":false},"excerpt":{"rendered":"<p>Omogu\u0107ili smo mno\u0161tvo modela obro\u010dne otplate vozila putem platnih kartica, bankovnim kreditima i leasingom. Osim gotovinskog pla\u0107anja, mogu\u0107a su jo\u0161 tri na\u010dina financiranja kupnje vozila: KREDIT Kupci naj\u010de\u0161\u0107e koriste nenamjenski kredit i tzv. auto kredit, te kupnjom stje\u010du vlasni\u0161tvo na vozilu. U\u010de\u0161\u0107e se pla\u0107a u iznimnim slu\u010dajevima kao jamstvo sklapanja ugovora o kupoprodaji vozila. Prate\u0107e tro\u0161kove mogu\u0107e je podmiriti iz kredita. LEASING Ovaj na\u010din kupnje popularan je zbog znatne fleksibilnosti u odabiru visine i broja rata te relativno kratkotrajnog postupka odobravanja, Uklju\u010dena mogu\u0107nost uplate u\u010de\u0161\u0107a ili odabira financiranja s ostatkom vrijednosti. Razdoblje financiranja je do pet godina. KARTI\u010cNO PLA\u0106ANJE MasterCard, Diners, Visa, American i druge kartice. Mogu\u0107e je jednokratno pla\u0107anje i kupnja na rate, odnosno potro\u0161a\u010dki kredit. Pru\u017eamo punu podr\u0161ku obrade dokumentacije i dostavljanja banci \u010diji ste korisnik kredita. Obzirom na \u010destu promjenu uvjeta kreditiranja u pojedinim bankama, o odabiru i usporedbi kredita informirajte&#8230;<\/p>\n","protected":false},"author":1,"featured_media":0,"parent":0,"menu_order":0,"comment_status":"closed","ping_status":"closed","template":"","meta":{"footnotes":""},"class_list":["post-1567","page","type-page","status-publish","hentry"],"brizy_attachment_focal_point":"","_links":{"self":[{"href":"http:\/\/automobili-princip.hr\/index.php?rest_route=\/wp\/v2\/pages\/1567","targetHints":{"allow":["GET"]}}],"collection":[{"href":"http:\/\/automobili-princip.hr\/index.php?rest_route=\/wp\/v2\/pages"}],"about":[{"href":"http:\/\/automobili-princip.hr\/index.php?rest_route=\/wp\/v2\/types\/page"}],"author":[{"embeddable":true,"href":"http:\/\/automobili-princip.hr\/index.php?rest_route=\/wp\/v2\/users\/1"}],"replies":[{"embeddable":true,"href":"http:\/\/automobili-princip.hr\/index.php?rest_route=%2Fwp%2Fv2%2Fcomments&post=1567"}],"version-history":[{"count":12,"href":"http:\/\/automobili-princip.hr\/index.php?rest_route=\/wp\/v2\/pages\/1567\/revisions"}],"predecessor-version":[{"id":1791,"href":"http:\/\/automobili-princip.hr\/index.php?rest_route=\/wp\/v2\/pages\/1567\/revisions\/1791"}],"wp:attachment":[{"href":"http:\/\/automobili-princip.hr\/index.php?rest_route=%2Fwp%2Fv2%2Fmedia&parent=1567"}],"curies":[{"name":"wp","href":"https:\/\/api.w.org\/{rel}","templated":true}]}}