{"id":10819,"date":"2019-06-27T16:06:06","date_gmt":"2019-06-27T16:06:06","guid":{"rendered":"http:\/\/automobili-princip.hr\/?page_id=10819"},"modified":"2019-06-27T16:06:06","modified_gmt":"2019-06-27T16:06:06","slug":"pogodnosti-autokuce-princip","status":"publish","type":"page","link":"http:\/\/automobili-princip.hr\/?page_id=10819","title":{"rendered":"Pogodnosti autoku\u0107e Princip"},"content":{"rendered":"<p><strong><em>Za Vas vr\u0161imo uslugu dovoza i uvoza automobila, provjere i pripreme dokumentacije potrebne za unos vozila u RH!<\/em><\/strong><\/p>\n<h3><strong>Pogodnosti unutar Autoku\u0107e:<\/strong><\/h3>\n<ul>\n<li>\u017delite kupiti vozilo kod pouzdanog trgovca van Hrvatske a nemate ideju kako u\u010dinkovito odraditi unos, platiti sve prate\u0107e obveze i na kraju registrirati automobil?<\/li>\n<li>Tim profesionalaca vam stoji na usluzi koja pokriva cijeli proces od prvotnog kontakta s trgovcem do registracije vozila te rizik od ne\u017eeljenih tro\u0161kova i \u02ddiznena\u0111enja\u02dd svodi na minimum.<\/li>\n<li>Cijeli proces objedinjuje : Kontakt i provjeru trgovca, provjeru vozila, Pripremu dokumentacije za unos i dovoz vozila, detaljan pregled vozila prije preuzimanja, transport s kaskom, Homologacijski pregled i ishodovanje potrebne dokumentacije, priprema vozila za isporuku, tehni\u010dki pregled prije registracije i asistenciju pri registraciji.<\/li>\n<li>U samu proceduru mo\u017ee bit uklju\u010deno i uklanjanje eventualnih nedostataka na karoseriji, kemijsko \u010di\u0161\u0107enje, poliranje, ugradnja dodatne opreme, zatamnjivanje stakala ili ne\u0161to drugo na zahtjev samog klijenta.<\/li>\n<li>Odabrano vozilo mo\u017ee bit financirano putem leasinga ili nekom drugom kreditnom linijom. Vr\u0161imo uslugu pripreme ponuda za financiranje i potrebne dokumentacije.<\/li>\n<\/ul>\n","protected":false},"excerpt":{"rendered":"<p>Za Vas vr\u0161imo uslugu dovoza i uvoza automobila, provjere i pripreme dokumentacije potrebne za unos vozila u RH! Pogodnosti unutar Autoku\u0107e: \u017delite kupiti vozilo kod pouzdanog trgovca van Hrvatske a nemate ideju kako u\u010dinkovito odraditi unos, platiti sve prate\u0107e obveze i na kraju registrirati automobil? Tim profesionalaca vam stoji na usluzi koja pokriva cijeli proces od prvotnog kontakta s trgovcem do registracije vozila te rizik od ne\u017eeljenih tro\u0161kova i \u02ddiznena\u0111enja\u02dd svodi na minimum. Cijeli proces objedinjuje : Kontakt i provjeru trgovca, provjeru vozila, Pripremu dokumentacije za unos i dovoz vozila, detaljan pregled vozila prije preuzimanja, transport s kaskom, Homologacijski pregled i ishodovanje potrebne dokumentacije, priprema vozila za isporuku, tehni\u010dki pregled prije registracije i asistenciju pri registraciji. U samu proceduru mo\u017ee bit uklju\u010deno i uklanjanje eventualnih nedostataka na karoseriji, kemijsko \u010di\u0161\u0107enje, poliranje, ugradnja dodatne opreme, zatamnjivanje stakala ili ne\u0161to drugo na zahtjev samog klijenta. Odabrano&#8230;<\/p>\n","protected":false},"author":1,"featured_media":0,"parent":0,"menu_order":0,"comment_status":"closed","ping_status":"closed","template":"","meta":{"footnotes":""},"class_list":["post-10819","page","type-page","status-publish","hentry"],"brizy_attachment_focal_point":"","_links":{"self":[{"href":"http:\/\/automobili-princip.hr\/index.php?rest_route=\/wp\/v2\/pages\/10819","targetHints":{"allow":["GET"]}}],"collection":[{"href":"http:\/\/automobili-princip.hr\/index.php?rest_route=\/wp\/v2\/pages"}],"about":[{"href":"http:\/\/automobili-princip.hr\/index.php?rest_route=\/wp\/v2\/types\/page"}],"author":[{"embeddable":true,"href":"http:\/\/automobili-princip.hr\/index.php?rest_route=\/wp\/v2\/users\/1"}],"replies":[{"embeddable":true,"href":"http:\/\/automobili-princip.hr\/index.php?rest_route=%2Fwp%2Fv2%2Fcomments&post=10819"}],"version-history":[{"count":6,"href":"http:\/\/automobili-princip.hr\/index.php?rest_route=\/wp\/v2\/pages\/10819\/revisions"}],"predecessor-version":[{"id":10825,"href":"http:\/\/automobili-princip.hr\/index.php?rest_route=\/wp\/v2\/pages\/10819\/revisions\/10825"}],"wp:attachment":[{"href":"http:\/\/automobili-princip.hr\/index.php?rest_route=%2Fwp%2Fv2%2Fmedia&parent=10819"}],"curies":[{"name":"wp","href":"https:\/\/api.w.org\/{rel}","templated":true}]}}